{"id":927,"date":"2023-12-02T15:25:55","date_gmt":"2023-12-02T14:25:55","guid":{"rendered":"https:\/\/www.ecuriehesbaye.be\/blog\/?page_id=927"},"modified":"2025-01-20T22:04:58","modified_gmt":"2025-01-20T21:04:58","slug":"rallye-de-hannut-2025","status":"publish","type":"page","link":"https:\/\/www.ecuriehesbaye.be\/blog\/?page_id=927","title":{"rendered":"Rallye de Hannut 2025"},"content":{"rendered":"\n<div class=\"wp-block-columns is-layout-flex wp-container-core-columns-is-layout-9d6595d7 wp-block-columns-is-layout-flex\">\n<div class=\"wp-block-column is-vertically-aligned-bottom is-layout-flow wp-block-column-is-layout-flow\" style=\"flex-basis:50%\">\n<p class=\"has-text-align-center has-large-font-size\" style=\"font-style:normal;font-weight:600\"><span style=\"text-decoration: underline;\">Pr\u00e9sentation de l&rsquo;\u00e9preuve.<\/span><\/p>\n<\/div>\n\n\n\n<div class=\"wp-block-column is-vertically-aligned-top is-layout-flow wp-block-column-is-layout-flow\" style=\"flex-basis:50%\"><div class=\"wp-block-image\">\n<figure class=\"alignright size-large\"><img loading=\"lazy\" decoding=\"async\" width=\"1024\" height=\"445\" src=\"https:\/\/www.ecuriehesbaye.be\/blog\/wp-content\/uploads\/2024\/06\/Autocollant-1024x445.jpg\" alt=\"\" class=\"wp-image-1115\" srcset=\"https:\/\/www.ecuriehesbaye.be\/blog\/wp-content\/uploads\/2024\/06\/Autocollant-1024x445.jpg 1024w, https:\/\/www.ecuriehesbaye.be\/blog\/wp-content\/uploads\/2024\/06\/Autocollant-300x130.jpg 300w, https:\/\/www.ecuriehesbaye.be\/blog\/wp-content\/uploads\/2024\/06\/Autocollant-768x334.jpg 768w, https:\/\/www.ecuriehesbaye.be\/blog\/wp-content\/uploads\/2024\/06\/Autocollant-1536x668.jpg 1536w, https:\/\/www.ecuriehesbaye.be\/blog\/wp-content\/uploads\/2024\/06\/Autocollant-2048x890.jpg 2048w\" sizes=\"auto, (max-width: 1024px) 100vw, 1024px\" \/><\/figure>\n<\/div><\/div>\n<\/div>\n\n\n\n<div class=\"wp-block-columns has-black-color has-text-color is-layout-flex wp-container-core-columns-is-layout-9d6595d7 wp-block-columns-is-layout-flex\">\n<div class=\"wp-block-column is-layout-flow wp-block-column-is-layout-flow\" style=\"flex-basis:100px\">\n<p>17 Jan. 2025<\/p>\n\n\n\n<p>21 Jan. 2025<\/p>\n\n\n\n<p>28 F\u00e9v. 2025<\/p>\n\n\n\n<p>7 Mars 2025<\/p>\n\n\n\n<p class=\"has-white-color has-text-color\"> A<\/p>\n\n\n\n<p class=\"has-white-color has-text-color\"> B<\/p>\n\n\n\n<p>8 Mars 2025<\/p>\n\n\n\n<p class=\"has-white-color has-text-color\"> A<\/p>\n\n\n\n<p>9 Mars 2025<\/p>\n<\/div>\n\n\n\n<div class=\"wp-block-column is-vertically-aligned-top is-layout-flow wp-block-column-is-layout-flow\" style=\"flex-basis:150px\">\n<p class=\"has-white-color has-text-color\">&#8211;<\/p>\n\n\n\n<p class=\"has-white-color has-text-color\">&#8211;<\/p>\n\n\n\n<p class=\"has-white-color has-text-color\">&#8211;<\/p>\n\n\n\n<p>09h00 \u00e0 12h00<\/p>\n\n\n\n<p>13h00 \u00e0 18h00<\/p>\n\n\n\n<p>19h00 \u00e0 23h00<\/p>\n\n\n\n<p>8h30 \u00e0 10h00<\/p>\n\n\n\n<p>10h00 \u00e0 18h00<\/p>\n\n\n\n<p>7h30<\/p>\n\n\n\n<p>18h30<\/p>\n\n\n\n<p>+\/- 21h30<\/p>\n<\/div>\n\n\n\n<div class=\"wp-block-column has-white-color has-white-background-color has-text-color has-background is-layout-flow wp-block-column-is-layout-flow\" style=\"flex-basis:320px\">\n<p class=\"has-black-color has-text-color\">Parution du R\u00e8glement Particulier<\/p>\n\n\n\n<p class=\"has-black-color has-text-color\">D\u00e9but des inscriptions<\/p>\n\n\n\n<p class=\"has-black-color has-text-color has-link-color wp-elements-4b1d91fdcb4776702df076703fac1602\">Fin des inscriptions \u00e0 droit simple<\/p>\n\n\n\n<p class=\"has-black-color has-text-color\">Journ\u00e9e VIP<\/p>\n\n\n\n<p class=\"has-black-color has-text-color\">Shakedown<\/p>\n\n\n\n<p class=\"has-black-color has-text-color\">Pr\u00e9sentation des \u00e9quipages <\/p>\n\n\n\n<p class=\"has-black-color has-text-color\">Drive- In <\/p>\n\n\n\n<p class=\"has-black-color has-text-color\">V\u00e9rifications Techniques<\/p>\n\n\n\n<p class=\"has-black-color has-text-color\">D\u00e9part de la 1\u00e8re voiture <\/p>\n\n\n\n<p class=\"has-black-color has-text-color\">Arriv\u00e9e de la premi\u00e8re voiture<\/p>\n\n\n\n<p class=\"has-black-color has-text-color\">Remises des prix <\/p>\n<\/div>\n\n\n\n<div class=\"wp-block-column is-layout-flow wp-block-column-is-layout-flow\">\n<figure class=\"wp-block-image size-large\"><a href=\"https:\/\/www.ecuriehesbaye.be\/blog\/wp-content\/uploads\/2022\/10\/Hesbaye-motor-club.png\"><img loading=\"lazy\" decoding=\"async\" width=\"770\" height=\"1024\" src=\"https:\/\/www.ecuriehesbaye.be\/blog\/wp-content\/uploads\/2022\/10\/Hesbaye-motor-club-770x1024.png\" alt=\"\" class=\"wp-image-52\" srcset=\"https:\/\/www.ecuriehesbaye.be\/blog\/wp-content\/uploads\/2022\/10\/Hesbaye-motor-club-770x1024.png 770w, https:\/\/www.ecuriehesbaye.be\/blog\/wp-content\/uploads\/2022\/10\/Hesbaye-motor-club-226x300.png 226w, https:\/\/www.ecuriehesbaye.be\/blog\/wp-content\/uploads\/2022\/10\/Hesbaye-motor-club-768x1022.png 768w, https:\/\/www.ecuriehesbaye.be\/blog\/wp-content\/uploads\/2022\/10\/Hesbaye-motor-club-1155x1536.png 1155w, https:\/\/www.ecuriehesbaye.be\/blog\/wp-content\/uploads\/2022\/10\/Hesbaye-motor-club-1540x2048.png 1540w, https:\/\/www.ecuriehesbaye.be\/blog\/wp-content\/uploads\/2022\/10\/Hesbaye-motor-club.png 1766w\" sizes=\"auto, (max-width: 770px) 100vw, 770px\" \/><\/a><\/figure>\n<\/div>\n<\/div>\n\n\n\n<div class=\"wp-block-columns is-layout-flex wp-container-core-columns-is-layout-9d6595d7 wp-block-columns-is-layout-flex\">\n<div class=\"wp-block-column is-layout-flow wp-block-column-is-layout-flow\" style=\"flex-basis:33.32%\">\n<p class=\"has-text-align-center has-large-font-size\">R\u00e8glement<\/p>\n\n\n\n<div class=\"wp-block-buttons is-content-justification-center is-layout-flex wp-container-core-buttons-is-layout-16018d1d wp-block-buttons-is-layout-flex\">\n<div class=\"wp-block-button\"><a class=\"wp-block-button__link has-white-color has-text-color has-background has-link-color wp-element-button\" href=\"https:\/\/www.ecuriehesbaye.be\/blog\/wp-content\/uploads\/2025\/01\/Reglement-Rallye-de-Hannut-2025-Aprouve.pdf\" style=\"background-color:#019f65\" target=\"_blank\" rel=\"noreferrer noopener\">FR<\/a><\/div>\n\n\n\n<div class=\"wp-block-button\"><a class=\"wp-block-button__link has-white-color has-text-color has-background has-link-color wp-element-button\" href=\"https:\/\/www.ecuriehesbaye.be\/blog\/wp-content\/uploads\/2025\/01\/Projet-Reglement-Rallye-de-Hannut-2025_NL.pdf\" style=\"background-color:#019f65\" target=\"_blank\" rel=\"noreferrer noopener\">NL<\/a><\/div>\n<\/div>\n<\/div>\n\n\n\n<div class=\"wp-block-column is-layout-flow wp-block-column-is-layout-flow\" style=\"flex-basis:60%\">\n<p class=\"has-text-align-center has-black-color has-text-color\"><div class=\"hurrytimer-cdt hurrytimer-cdt--929 hurrytimer-campaign hurryt-loading hurrytimer-campaign-929\" data-config=\"{&quot;id&quot;:929,&quot;run_in_background&quot;:false,&quot;sticky&quot;:false,&quot;product_ids&quot;:[],&quot;actions&quot;:[{&quot;id&quot;:2,&quot;redirectUrl&quot;:&quot;&quot;,&quot;message&quot;:&quot;&quot;,&quot;coupon&quot;:&quot;&quot;,&quot;wcStockStatus&quot;:&quot;instock&quot;}],&quot;template&quot;:&quot;&lt;div class=\\&quot;hurrytimer-timer-block hurrytimer-cdt__dur\\&quot;&gt;&lt;div class=\\&quot;hurrytimer-timer-digit hurrytimer-cdt__time\\&quot;&gt;%D&lt;\\\/div&gt;&lt;div class=\\&quot;hurrytimer-timer-label hurrytimer-cdt__label\\&quot; &gt;days&lt;\\\/div&gt;&lt;\\\/div&gt;&lt;div class=\\&quot;hurrytimer-cdt__sep hurrytimer-timer-sep\\&quot;&gt;:&lt;\\\/div&gt;&lt;div class=\\&quot;hurrytimer-timer-block hurrytimer-cdt__dur\\&quot;&gt;&lt;div class=\\&quot;hurrytimer-timer-digit hurrytimer-cdt__time\\&quot;&gt;%H&lt;\\\/div&gt;&lt;div class=\\&quot;hurrytimer-timer-label hurrytimer-cdt__label\\&quot; &gt;hrs&lt;\\\/div&gt;&lt;\\\/div&gt;&lt;div class=\\&quot;hurrytimer-cdt__sep hurrytimer-timer-sep\\&quot;&gt;:&lt;\\\/div&gt;&lt;div class=\\&quot;hurrytimer-timer-block hurrytimer-cdt__dur\\&quot;&gt;&lt;div class=\\&quot;hurrytimer-timer-digit hurrytimer-cdt__time\\&quot;&gt;%M&lt;\\\/div&gt;&lt;div class=\\&quot;hurrytimer-timer-label hurrytimer-cdt__label\\&quot; &gt;mins&lt;\\\/div&gt;&lt;\\\/div&gt;&lt;div class=\\&quot;hurrytimer-cdt__sep hurrytimer-timer-sep\\&quot;&gt;:&lt;\\\/div&gt;&lt;div class=\\&quot;hurrytimer-timer-block hurrytimer-cdt__dur\\&quot;&gt;&lt;div class=\\&quot;hurrytimer-timer-digit hurrytimer-cdt__time\\&quot;&gt;%S&lt;\\\/div&gt;&lt;div class=\\&quot;hurrytimer-timer-label hurrytimer-cdt__label\\&quot; &gt;secs&lt;\\\/div&gt;&lt;\\\/div&gt;&quot;,&quot;methods&quot;:[1,2],&quot;mode&quot;:&quot;one_time&quot;,&quot;sticky_bar_hide_timeout&quot;:7,&quot;recurr&quot;:false,&quot;timeToNextRecurrence&quot;:0,&quot;isRegular&quot;:true,&quot;endDate&quot;:1706079600000}\" ><div class=\"hurrytimer-cdt__headline hurrytimer-headline\">D\u00e9but des inscriptions <\/div><div class=\"hurrytimer-cdt__inner hurrytimer-timer\"><\/div><\/div><\/p>\n\n\n\n<div class=\"wp-block-buttons is-horizontal is-content-justification-center is-nowrap is-layout-flex wp-container-core-buttons-is-layout-fc65f29c wp-block-buttons-is-layout-flex\">\n<div class=\"wp-block-button has-custom-width wp-block-button__width-50 aligncenter is-style-outline is-style-outline--1\"><a class=\"wp-block-button__link has-white-color has-text-color has-background wp-element-button\" href=\"https:\/\/inscriptions.azureedge.net\/public\/inscription\/125\" style=\"border-radius:83px;background-color:#019f65\" target=\"_blank\" rel=\"noreferrer noopener\">INSCRIPTIONS <\/a><\/div>\n<\/div>\n\n\n\n<p class=\"has-text-align-center has-black-color has-text-color\"><\/p>\n\n\n\n<div class=\"wp-block-buttons is-content-justification-center is-layout-flex wp-container-core-buttons-is-layout-16018d1d wp-block-buttons-is-layout-flex\">\n<div class=\"wp-block-button is-style-outline is-style-outline--2\"><a class=\"wp-block-button__link has-white-background-color has-text-color has-background wp-element-button\" style=\"color:#019f65\">Liste provisoire de d\u00e9part<\/a><\/div>\n<\/div>\n<\/div>\n<\/div>\n\n\n\n<div class=\"wp-block-columns is-layout-flex wp-container-core-columns-is-layout-9d6595d7 wp-block-columns-is-layout-flex\">\n<div class=\"wp-block-column is-layout-flow wp-block-column-is-layout-flow\" style=\"flex-basis:30%\"><div class=\"wp-block-image\">\n<figure class=\"aligncenter size-full is-resized\"><a href=\"https:\/\/www.facebook.com\/rallyehannut\" target=\"_blank\" rel=\"noreferrer noopener\"><img loading=\"lazy\" decoding=\"async\" width=\"539\" height=\"233\" src=\"https:\/\/www.criteriumjldumont.be\/blog\/wp-content\/uploads\/2022\/10\/FB-Hannut.png\" alt=\"Infos \" class=\"wp-image-218\" style=\"width:270px;height:117px\" srcset=\"https:\/\/www.ecuriehesbaye.be\/blog\/wp-content\/uploads\/2022\/10\/FB-Hannut.png 539w, https:\/\/www.ecuriehesbaye.be\/blog\/wp-content\/uploads\/2022\/10\/FB-Hannut-300x130.png 300w\" sizes=\"auto, (max-width: 539px) 100vw, 539px\" \/><\/a><figcaption class=\"wp-element-caption\">La page : <strong><em><a href=\"https:\/\/www.facebook.com\/rallyehannut\" data-type=\"URL\" data-id=\"https:\/\/www.facebook.com\/criteriumjldumont\" target=\"_blank\" rel=\"noreferrer noopener\">Infos Officielles<\/a><\/em><\/strong><\/figcaption><\/figure>\n<\/div><\/div>\n\n\n\n<div class=\"wp-block-column is-layout-flow wp-block-column-is-layout-flow\" style=\"flex-basis:30%\"><div class=\"wp-block-image\">\n<figure class=\"aligncenter size-full is-resized\"><a href=\"https:\/\/www.facebook.com\/groups\/387963586462156\/\" target=\"_blank\" rel=\"noreferrer noopener\"><img loading=\"lazy\" decoding=\"async\" width=\"225\" height=\"225\" src=\"https:\/\/www.ecuriehesbaye.be\/blog\/wp-content\/uploads\/2023\/07\/Facebook_group.png\" alt=\"\" class=\"wp-image-781\" style=\"width:100px;height:100px\" srcset=\"https:\/\/www.ecuriehesbaye.be\/blog\/wp-content\/uploads\/2023\/07\/Facebook_group.png 225w, https:\/\/www.ecuriehesbaye.be\/blog\/wp-content\/uploads\/2023\/07\/Facebook_group-150x150.png 150w\" sizes=\"auto, (max-width: 225px) 100vw, 225px\" \/><\/a><figcaption class=\"wp-element-caption\">Partagez vos photos: <a href=\"https:\/\/www.facebook.com\/groups\/387963586462156\/\"><em><strong>Le groupe<\/strong><\/em><\/a><\/figcaption><\/figure>\n<\/div><\/div>\n\n\n\n<div class=\"wp-block-column is-layout-flow wp-block-column-is-layout-flow\" style=\"flex-basis:30%\"><div class=\"wp-block-image\">\n<figure class=\"aligncenter size-full is-resized\"><a href=\"https:\/\/www.facebook.com\/events\/393539146340916\" target=\"_blank\" rel=\"noreferrer noopener\"><img loading=\"lazy\" decoding=\"async\" width=\"512\" height=\"512\" src=\"https:\/\/www.ecuriehesbaye.be\/blog\/wp-content\/uploads\/2023\/07\/Facebook_event.png\" alt=\"\" class=\"wp-image-785\" style=\"width:100px;height:100px\" srcset=\"https:\/\/www.ecuriehesbaye.be\/blog\/wp-content\/uploads\/2023\/07\/Facebook_event.png 512w, https:\/\/www.ecuriehesbaye.be\/blog\/wp-content\/uploads\/2023\/07\/Facebook_event-300x300.png 300w, https:\/\/www.ecuriehesbaye.be\/blog\/wp-content\/uploads\/2023\/07\/Facebook_event-150x150.png 150w\" sizes=\"auto, (max-width: 512px) 100vw, 512px\" \/><\/a><figcaption class=\"wp-element-caption\">Rejoignez <em><strong><a href=\"https:\/\/www.facebook.com\/events\/594475606843897\/?acontext=%7B%22event_action_history%22%3A[%7B%22surface%22%3A%22page%22%7D%2C%7B%22mechanism%22%3A%22surface%22%2C%22surface%22%3A%22duplicate_dialog%22%7D]%2C%22ref_notif_type%22%3Anull%7D&amp;onload_action=open_invite_flow&amp;show_created_event_toast=true\" data-type=\"link\" data-id=\"https:\/\/www.facebook.com\/events\/594475606843897\/?acontext=%7B%22event_action_history%22%3A[%7B%22surface%22%3A%22page%22%7D%2C%7B%22mechanism%22%3A%22surface%22%2C%22surface%22%3A%22duplicate_dialog%22%7D]%2C%22ref_notif_type%22%3Anull%7D&amp;onload_action=open_invite_flow&amp;show_created_event_toast=true\" target=\"_blank\" rel=\"noreferrer noopener\">L&rsquo;\u00e9v\u00e8nement<\/a><\/strong><\/em><\/figcaption><\/figure>\n<\/div><\/div>\n<\/div>\n","protected":false},"excerpt":{"rendered":"<p>Pr\u00e9sentation de l&rsquo;\u00e9preuve. 17 Jan. 2025 21 Jan. 2025 28 F\u00e9v. 2025 7 Mars 2025 A B 8 Mars 2025 A 9 Mars 2025 &#8211; &hellip; <\/p>\n","protected":false},"author":1,"featured_media":0,"parent":0,"menu_order":0,"comment_status":"closed","ping_status":"closed","template":"","meta":{"footnotes":""},"class_list":["post-927","page","type-page","status-publish","hentry"],"_links":{"self":[{"href":"https:\/\/www.ecuriehesbaye.be\/blog\/index.php?rest_route=\/wp\/v2\/pages\/927","targetHints":{"allow":["GET"]}}],"collection":[{"href":"https:\/\/www.ecuriehesbaye.be\/blog\/index.php?rest_route=\/wp\/v2\/pages"}],"about":[{"href":"https:\/\/www.ecuriehesbaye.be\/blog\/index.php?rest_route=\/wp\/v2\/types\/page"}],"author":[{"embeddable":true,"href":"https:\/\/www.ecuriehesbaye.be\/blog\/index.php?rest_route=\/wp\/v2\/users\/1"}],"replies":[{"embeddable":true,"href":"https:\/\/www.ecuriehesbaye.be\/blog\/index.php?rest_route=%2Fwp%2Fv2%2Fcomments&post=927"}],"version-history":[{"count":21,"href":"https:\/\/www.ecuriehesbaye.be\/blog\/index.php?rest_route=\/wp\/v2\/pages\/927\/revisions"}],"predecessor-version":[{"id":1138,"href":"https:\/\/www.ecuriehesbaye.be\/blog\/index.php?rest_route=\/wp\/v2\/pages\/927\/revisions\/1138"}],"wp:attachment":[{"href":"https:\/\/www.ecuriehesbaye.be\/blog\/index.php?rest_route=%2Fwp%2Fv2%2Fmedia&parent=927"}],"curies":[{"name":"wp","href":"https:\/\/api.w.org\/{rel}","templated":true}]}}