{"id":694,"date":"2023-07-01T18:12:13","date_gmt":"2023-07-01T16:12:13","guid":{"rendered":"https:\/\/www.ecuriehesbaye.be\/blog\/?page_id=694"},"modified":"2025-06-22T21:24:36","modified_gmt":"2025-06-22T19:24:36","slug":"1er-test-day-hesbaye","status":"publish","type":"page","link":"https:\/\/www.ecuriehesbaye.be\/blog\/?page_id=694","title":{"rendered":"1er Test Day HESBAYE (2023)"},"content":{"rendered":"\n<div class=\"wp-block-columns is-layout-flex wp-container-core-columns-is-layout-9d6595d7 wp-block-columns-is-layout-flex\">\n<div class=\"wp-block-column is-layout-flow wp-block-column-is-layout-flow\">\n<p class=\"has-vivid-red-color has-text-color\" style=\"font-size:20px\">Communiqu\u00e9 de presse \/ Persbericht:<\/p>\n\n\n\n<div class=\"wp-block-buttons is-content-justification-center is-layout-flex wp-container-core-buttons-is-layout-16018d1d wp-block-buttons-is-layout-flex\">\n<div class=\"wp-block-button is-style-outline is-style-outline--1\"><a class=\"wp-block-button__link has-vivid-red-color has-white-background-color has-text-color has-background wp-element-button\" href=\"https:\/\/www.ecuriehesbaye.be\/blog\/wp-content\/uploads\/2023\/08\/Test-Day-Review-FR.pdf\" target=\"_blank\" rel=\"noreferrer noopener\">FR<\/a><\/div>\n\n\n\n<div class=\"wp-block-button is-style-outline is-style-outline--2\"><a class=\"wp-block-button__link has-vivid-red-color has-white-background-color has-text-color has-background wp-element-button\" href=\"https:\/\/www.ecuriehesbaye.be\/blog\/wp-content\/uploads\/2023\/08\/Test-Day-Review-NL.pdf\" target=\"_blank\" rel=\"noreferrer noopener\">NL<\/a><\/div>\n<\/div>\n\n\n\n<p><\/p>\n\n\n\n<figure class=\"wp-block-embed is-type-video is-provider-youtube wp-block-embed-youtube wp-embed-aspect-16-9 wp-has-aspect-ratio\"><div class=\"wp-block-embed__wrapper\">\n<iframe loading=\"lazy\" title=\"Test Day Rallye Hesbaye 2023 | Action &amp; Pure Sound\" width=\"1200\" height=\"675\" src=\"https:\/\/www.youtube.com\/embed\/nnpG5l_WINI?feature=oembed\" frameborder=\"0\" allow=\"accelerometer; autoplay; clipboard-write; encrypted-media; gyroscope; picture-in-picture; web-share\" allowfullscreen><\/iframe>\n<\/div><\/figure>\n<\/div>\n<\/div>\n\n\n\n<div class=\"wp-block-columns is-layout-flex wp-container-core-columns-is-layout-9d6595d7 wp-block-columns-is-layout-flex\">\n<div class=\"wp-block-column is-vertically-aligned-bottom is-layout-flow wp-block-column-is-layout-flow\" style=\"flex-basis:70%\">\n<p class=\"has-text-align-center has-large-font-size\" style=\"font-style:normal;font-weight:600\"><span style=\"text-decoration: underline;\">Pr\u00e9sentation de la journ\u00e9e.<\/span><\/p>\n<\/div>\n\n\n\n<div class=\"wp-block-column is-vertically-aligned-top is-layout-flow wp-block-column-is-layout-flow\" style=\"flex-basis:30%\"><div class=\"wp-block-image\">\n<figure class=\"aligncenter size-full\"><img loading=\"lazy\" decoding=\"async\" width=\"200\" height=\"125\" src=\"https:\/\/www.ecuriehesbaye.be\/blog\/wp-content\/uploads\/2023\/07\/ENTREE-GRATUITE.webp\" alt=\"\" class=\"wp-image-700\"\/><\/figure>\n<\/div><\/div>\n\n\n\n<div class=\"wp-block-column is-layout-flow wp-block-column-is-layout-flow\" style=\"flex-basis:20%\"><div class=\"wp-block-image\">\n<figure class=\"aligncenter size-full is-resized\"><a href=\"https:\/\/www.facebook.com\/events\/186328770816427\"><img loading=\"lazy\" decoding=\"async\" src=\"https:\/\/www.ecuriehesbaye.be\/blog\/wp-content\/uploads\/2023\/07\/Facebook_event.png\" alt=\"\" class=\"wp-image-785\" style=\"width:100px;height:100px\" width=\"100\" height=\"100\" srcset=\"https:\/\/www.ecuriehesbaye.be\/blog\/wp-content\/uploads\/2023\/07\/Facebook_event.png 512w, https:\/\/www.ecuriehesbaye.be\/blog\/wp-content\/uploads\/2023\/07\/Facebook_event-300x300.png 300w, https:\/\/www.ecuriehesbaye.be\/blog\/wp-content\/uploads\/2023\/07\/Facebook_event-150x150.png 150w\" sizes=\"auto, (max-width: 100px) 100vw, 100px\" \/><\/a><\/figure>\n<\/div><\/div>\n<\/div>\n\n\n\n<div class=\"wp-block-columns has-black-color has-text-color is-layout-flex wp-container-core-columns-is-layout-9d6595d7 wp-block-columns-is-layout-flex\">\n<div class=\"wp-block-column is-vertically-aligned-top is-layout-flow wp-block-column-is-layout-flow\" style=\"flex-basis:150px\">\n<p class=\"has-vivid-red-color has-text-color\" style=\"font-size:24px\"><strong>14 Ao\u00fbt 2023<\/strong><\/p>\n\n\n\n<p class=\"has-white-color has-text-color\"> A<\/p>\n\n\n\n<p class=\"has-white-color has-text-color\"> B<\/p>\n<\/div>\n\n\n\n<div class=\"wp-block-column is-vertically-aligned-center is-layout-flow wp-block-column-is-layout-flow\" style=\"flex-basis:80px\">\n<p>08h30<\/p>\n\n\n\n<p>08h45<\/p>\n\n\n\n<p>09h30<\/p>\n\n\n\n<p>12h00<\/p>\n\n\n\n<p>12h15<\/p>\n\n\n\n<p>13h00<\/p>\n\n\n\n<p>18h00<\/p>\n\n\n\n<p>18h30<\/p>\n<\/div>\n\n\n\n<div class=\"wp-block-column is-vertically-aligned-center has-white-color has-white-background-color has-text-color has-background is-layout-flow wp-block-column-is-layout-flow\" style=\"flex-basis:250px\">\n<p class=\"has-black-color has-text-color\">Ouverture des VA et VT<\/p>\n\n\n\n<p class=\"has-black-color has-text-color\">Reconnaissances (30 min)<\/p>\n\n\n\n<p class=\"has-black-color has-text-color\">D\u00e9part de la 1\u00e8re session<\/p>\n\n\n\n<p class=\"has-black-color has-text-color\">Pause<\/p>\n\n\n\n<p class=\"has-black-color has-text-color\">Reconnaissances (30min)<\/p>\n\n\n\n<p class=\"has-black-color has-text-color\">D\u00e9part de la 2\u00e8me session<\/p>\n\n\n\n<p class=\"has-black-color has-text-color\">Fin du Test Day<\/p>\n\n\n\n<p class=\"has-black-color has-text-color\">Barbecue 3 viandes<\/p>\n<\/div>\n\n\n\n<div class=\"wp-block-column is-layout-flow wp-block-column-is-layout-flow\"><div class=\"wp-block-image\">\n<figure class=\"aligncenter size-large\"><a href=\"https:\/\/www.ecuriehesbaye.be\/blog\/wp-content\/uploads\/2023\/07\/thumbnail_Affiche-scaled.jpg\"><img loading=\"lazy\" decoding=\"async\" width=\"723\" height=\"1024\" src=\"https:\/\/www.ecuriehesbaye.be\/blog\/wp-content\/uploads\/2023\/07\/thumbnail_Affiche-723x1024.jpg\" alt=\"TestDay 2023\" class=\"wp-image-767\" srcset=\"https:\/\/www.ecuriehesbaye.be\/blog\/wp-content\/uploads\/2023\/07\/thumbnail_Affiche-723x1024.jpg 723w, https:\/\/www.ecuriehesbaye.be\/blog\/wp-content\/uploads\/2023\/07\/thumbnail_Affiche-212x300.jpg 212w, https:\/\/www.ecuriehesbaye.be\/blog\/wp-content\/uploads\/2023\/07\/thumbnail_Affiche-768x1088.jpg 768w, https:\/\/www.ecuriehesbaye.be\/blog\/wp-content\/uploads\/2023\/07\/thumbnail_Affiche-1085x1536.jpg 1085w, https:\/\/www.ecuriehesbaye.be\/blog\/wp-content\/uploads\/2023\/07\/thumbnail_Affiche-1446x2048.jpg 1446w, https:\/\/www.ecuriehesbaye.be\/blog\/wp-content\/uploads\/2023\/07\/thumbnail_Affiche-scaled.jpg 1808w\" sizes=\"auto, (max-width: 723px) 100vw, 723px\" \/><\/a><\/figure>\n<\/div><\/div>\n<\/div>\n\n\n\n<div class=\"wp-block-columns is-layout-flex wp-container-core-columns-is-layout-9d6595d7 wp-block-columns-is-layout-flex\">\n<div class=\"wp-block-column is-layout-flow wp-block-column-is-layout-flow\">\n<p class=\"has-text-align-center has-vivid-red-color has-text-color\" style=\"font-size:22px\">R\u00e8glement:<\/p>\n\n\n\n<div class=\"wp-block-buttons is-content-justification-center is-layout-flex wp-container-core-buttons-is-layout-51f7783f wp-block-buttons-is-layout-flex\">\n<div class=\"wp-block-button is-style-outline is-style-outline--3\"><a class=\"wp-block-button__link has-vivid-red-color has-text-color wp-element-button\" href=\"https:\/\/www.ecuriehesbaye.be\/blog\/wp-content\/uploads\/2023\/07\/Reglement-Test-Day-HESBAYE.pdf\" target=\"_blank\" rel=\"noreferrer noopener\">FR<\/a><\/div>\n\n\n\n<div class=\"wp-block-button is-style-outline is-style-outline--4\"><a class=\"wp-block-button__link has-vivid-red-color has-text-color wp-element-button\" href=\"https:\/\/www.ecuriehesbaye.be\/blog\/wp-content\/uploads\/2023\/07\/Reglement-Test-Day-HESBAYE-NL.pdf\" target=\"_blank\" rel=\"noreferrer noopener\">NL<\/a><\/div>\n<\/div>\n<\/div>\n\n\n\n<div class=\"wp-block-column is-layout-flow wp-block-column-is-layout-flow\">\n<p class=\"has-text-align-center has-vivid-red-color has-text-color\" style=\"font-size:22px\">Inscriptions:<\/p>\n\n\n\n<div class=\"wp-block-buttons is-content-justification-center is-layout-flex wp-container-core-buttons-is-layout-51f7783f wp-block-buttons-is-layout-flex\">\n<div class=\"wp-block-button is-style-outline is-style-outline--5\"><a class=\"wp-block-button__link has-vivid-red-color has-text-color wp-element-button\" href=\"https:\/\/www.ecuriehesbaye.be\/blog\/wp-content\/uploads\/2023\/07\/Engagement-pilote.pdf\" target=\"_blank\" rel=\"noreferrer noopener\">FR<\/a><\/div>\n\n\n\n<div class=\"wp-block-button is-style-outline is-style-outline--6\"><a class=\"wp-block-button__link has-vivid-red-color has-text-color wp-element-button\" href=\"https:\/\/www.ecuriehesbaye.be\/blog\/wp-content\/uploads\/2023\/07\/Engagement-pilote-_-NL.pdf\" target=\"_blank\" rel=\"noreferrer noopener\">NL<\/a><\/div>\n<\/div>\n<\/div>\n<\/div>\n\n\n\n<div class=\"wp-block-columns is-layout-flex wp-container-core-columns-is-layout-9d6595d7 wp-block-columns-is-layout-flex\">\n<div class=\"wp-block-column is-layout-flow wp-block-column-is-layout-flow\">\n<p><\/p>\n\n\n\n<div class=\"wp-block-buttons is-content-justification-center is-layout-flex wp-container-core-buttons-is-layout-16018d1d wp-block-buttons-is-layout-flex\">\n<div class=\"wp-block-button is-style-outline is-style-outline--7\"><a class=\"wp-block-button__link has-vivid-red-color has-white-background-color has-text-color has-background wp-element-button\" href=\"https:\/\/www.ecuriehesbaye.be\/blog\/wp-content\/uploads\/2023\/08\/1er-Test-Day-HESBAYE-Liste-numero.pdf\" target=\"_blank\" rel=\"noreferrer noopener\">Liste des engag\u00e9s (voitures)<\/a><\/div>\n<\/div>\n\n\n\n<p><\/p>\n<\/div>\n<\/div>\n\n\n\n<div class=\"wp-block-columns is-layout-flex wp-container-core-columns-is-layout-9d6595d7 wp-block-columns-is-layout-flex\">\n<div class=\"wp-block-column is-layout-flow wp-block-column-is-layout-flow\" style=\"flex-basis:45%\">\n<iframe src=\"https:\/\/www.google.com\/maps\/embed?pb=!1m18!1m12!1m3!1d2528.31575199375!2d5.088072112821316!3d50.676963770909175!2m3!1f0!2f0!3f0!3m2!1i1024!2i768!4f13.1!3m3!1m2!1s0x47c10e995b0388b9%3A0x15c488511b50a705!2sRue%20des%20Artisans%2012%2C%204280%20Hannuit!5e0!3m2!1sfr!2sbe!4v1688215739842!5m2!1sfr!2sbe\" width=\"600\" height=\"450\" style=\"border:0;\" allowfullscreen=\"\" loading=\"lazy\" referrerpolicy=\"no-referrer-when-downgrade\"><\/iframe>\n<\/div>\n\n\n\n<div class=\"wp-block-column is-layout-flow wp-block-column-is-layout-flow\" style=\"flex-basis:55%\">\n<p class=\"has-text-align-left\" style=\"font-size:22px\">Localisation: Z.I. Hannut &#8211; Rue des artisans, 12<\/p>\n\n\n\n<p class=\"has-vivid-red-color has-text-color\" style=\"font-size:22px\">Infos &amp; r\u00e9servations pour le barbecue: 0497\/39.53.79<\/p>\n\n\n<div class=\"wp-block-image\">\n<figure class=\"aligncenter size-full is-resized\"><img loading=\"lazy\" decoding=\"async\" src=\"https:\/\/www.ecuriehesbaye.be\/blog\/wp-content\/uploads\/2023\/07\/eWRC_Lemmens_2023.png\" alt=\"\" class=\"wp-image-712\" style=\"width:340px;height:156px\" width=\"340\" height=\"156\" srcset=\"https:\/\/www.ecuriehesbaye.be\/blog\/wp-content\/uploads\/2023\/07\/eWRC_Lemmens_2023.png 524w, https:\/\/www.ecuriehesbaye.be\/blog\/wp-content\/uploads\/2023\/07\/eWRC_Lemmens_2023-300x137.png 300w\" sizes=\"auto, (max-width: 340px) 100vw, 340px\" \/><\/figure>\n<\/div><\/div>\n<\/div>\n","protected":false},"excerpt":{"rendered":"<p>Communiqu\u00e9 de presse \/ Persbericht: Pr\u00e9sentation de la journ\u00e9e. 14 Ao\u00fbt 2023 A B 08h30 08h45 09h30 12h00 12h15 13h00 18h00 18h30 Ouverture des VA &hellip; <\/p>\n","protected":false},"author":1,"featured_media":0,"parent":0,"menu_order":0,"comment_status":"closed","ping_status":"closed","template":"","meta":{"footnotes":""},"class_list":["post-694","page","type-page","status-publish","hentry"],"_links":{"self":[{"href":"https:\/\/www.ecuriehesbaye.be\/blog\/index.php?rest_route=\/wp\/v2\/pages\/694","targetHints":{"allow":["GET"]}}],"collection":[{"href":"https:\/\/www.ecuriehesbaye.be\/blog\/index.php?rest_route=\/wp\/v2\/pages"}],"about":[{"href":"https:\/\/www.ecuriehesbaye.be\/blog\/index.php?rest_route=\/wp\/v2\/types\/page"}],"author":[{"embeddable":true,"href":"https:\/\/www.ecuriehesbaye.be\/blog\/index.php?rest_route=\/wp\/v2\/users\/1"}],"replies":[{"embeddable":true,"href":"https:\/\/www.ecuriehesbaye.be\/blog\/index.php?rest_route=%2Fwp%2Fv2%2Fcomments&post=694"}],"version-history":[{"count":56,"href":"https:\/\/www.ecuriehesbaye.be\/blog\/index.php?rest_route=\/wp\/v2\/pages\/694\/revisions"}],"predecessor-version":[{"id":1140,"href":"https:\/\/www.ecuriehesbaye.be\/blog\/index.php?rest_route=\/wp\/v2\/pages\/694\/revisions\/1140"}],"wp:attachment":[{"href":"https:\/\/www.ecuriehesbaye.be\/blog\/index.php?rest_route=%2Fwp%2Fv2%2Fmedia&parent=694"}],"curies":[{"name":"wp","href":"https:\/\/api.w.org\/{rel}","templated":true}]}}