{"id":13,"date":"2022-10-23T13:05:15","date_gmt":"2022-10-23T11:05:15","guid":{"rendered":"https:\/\/ecuriem.cluster028.hosting.ovh.net\/blog\/?page_id=13"},"modified":"2025-12-27T20:23:38","modified_gmt":"2025-12-27T19:23:38","slug":"ecurie-hesbaye","status":"publish","type":"page","link":"https:\/\/www.ecuriehesbaye.be\/blog\/?page_id=13","title":{"rendered":"Ecurie HESBAYE Motor Club"},"content":{"rendered":"\n<div class=\"wp-block-columns is-layout-flex wp-container-core-columns-is-layout-9d6595d7 wp-block-columns-is-layout-flex\">\n<div class=\"wp-block-column is-layout-flow wp-block-column-is-layout-flow\">\n<figure class=\"wp-block-gallery has-nested-images columns-default is-cropped wp-block-gallery-1 is-layout-flex wp-block-gallery-is-layout-flex\">\n<figure class=\"wp-block-image size-medium is-style-default\"><img loading=\"lazy\" decoding=\"async\" width=\"226\" height=\"300\" data-id=\"51\" src=\"https:\/\/www.criteriumjldumont.be\/blog\/wp-content\/uploads\/2022\/10\/Ecurie-Hesb-vert-226x300.jpg\" alt=\"\" class=\"wp-image-51\" srcset=\"https:\/\/www.ecuriehesbaye.be\/blog\/wp-content\/uploads\/2022\/10\/Ecurie-Hesb-vert-226x300.jpg 226w, https:\/\/www.ecuriehesbaye.be\/blog\/wp-content\/uploads\/2022\/10\/Ecurie-Hesb-vert-772x1024.jpg 772w, https:\/\/www.ecuriehesbaye.be\/blog\/wp-content\/uploads\/2022\/10\/Ecurie-Hesb-vert-768x1019.jpg 768w, https:\/\/www.ecuriehesbaye.be\/blog\/wp-content\/uploads\/2022\/10\/Ecurie-Hesb-vert-1158x1536.jpg 1158w, https:\/\/www.ecuriehesbaye.be\/blog\/wp-content\/uploads\/2022\/10\/Ecurie-Hesb-vert-1544x2048.jpg 1544w, https:\/\/www.ecuriehesbaye.be\/blog\/wp-content\/uploads\/2022\/10\/Ecurie-Hesb-vert.jpg 1753w\" sizes=\"auto, (max-width: 226px) 100vw, 226px\" \/><\/figure>\n\n\n\n<figure class=\"wp-block-image size-medium\"><img loading=\"lazy\" decoding=\"async\" width=\"226\" height=\"300\" data-id=\"52\" src=\"https:\/\/www.criteriumjldumont.be\/blog\/wp-content\/uploads\/2022\/10\/Hesbaye-motor-club-226x300.png\" alt=\"\" class=\"wp-image-52\" srcset=\"https:\/\/www.ecuriehesbaye.be\/blog\/wp-content\/uploads\/2022\/10\/Hesbaye-motor-club-226x300.png 226w, https:\/\/www.ecuriehesbaye.be\/blog\/wp-content\/uploads\/2022\/10\/Hesbaye-motor-club-770x1024.png 770w, https:\/\/www.ecuriehesbaye.be\/blog\/wp-content\/uploads\/2022\/10\/Hesbaye-motor-club-768x1022.png 768w, https:\/\/www.ecuriehesbaye.be\/blog\/wp-content\/uploads\/2022\/10\/Hesbaye-motor-club-1155x1536.png 1155w, https:\/\/www.ecuriehesbaye.be\/blog\/wp-content\/uploads\/2022\/10\/Hesbaye-motor-club-1540x2048.png 1540w, https:\/\/www.ecuriehesbaye.be\/blog\/wp-content\/uploads\/2022\/10\/Hesbaye-motor-club.png 1766w\" sizes=\"auto, (max-width: 226px) 100vw, 226px\" \/><\/figure>\n<\/figure>\n\n\n\n<p class=\"has-text-align-center has-medium-font-size\"><strong>Local: Rue L. Mottart 21 B3 \u00e0 4280 HANNUT<\/strong><\/p>\n<\/div>\n\n\n\n<div class=\"wp-block-column is-layout-flow wp-block-column-is-layout-flow\">\n<p>13 Janvier 2026<\/p>\n\n\n\n<p>21 Janvier 2026 ( Licences &amp; inscriptions)<\/p>\n\n\n\n<p>10 F\u00e9vrier 2026<\/p>\n\n\n\n<p>3 Mars 2026<\/p>\n\n\n\n<p>14 Avril 2026<\/p>\n\n\n\n<p>13 Mai 2026<\/p>\n\n\n\n<p>9 Juin 2026<\/p>\n\n\n\n<p>14 Juillet 2026<\/p>\n\n\n\n<p>11 Ao\u00fbt 2026<\/p>\n\n\n\n<p>8 Septembre 2026<\/p>\n\n\n\n<p>29 Septembre 2026<\/p>\n\n\n\n<p>13 Octobre 2026<\/p>\n\n\n\n<p>10 Novembre 2026<\/p>\n\n\n\n<p>8 D\u00e9cembre 2026<\/p>\n<\/div>\n<\/div>\n\n\n\n<p><span style=\"text-decoration: underline;\">Le mot du pr\u00e9sident :<\/span><\/p>\n\n\n\n<p class=\"has-text-align-center has-text-color\" style=\"color:#0263ff;font-size:25px\"><strong>Vous d\u00e9sirez vous investir \u00e0 nos  cot\u00e9s n&rsquo;h\u00e9sitez pas !!!<\/strong><\/p>\n\n\n\n<p class=\"has-text-align-center has-text-color\" style=\"color:#0263ff;font-size:25px\"><strong> Vous \u00eates les bienvenus  <\/strong><\/p>\n","protected":false},"excerpt":{"rendered":"<p>Local: Rue L. Mottart 21 B3 \u00e0 4280 HANNUT 13 Janvier 2026 21 Janvier 2026 ( Licences &amp; inscriptions) 10 F\u00e9vrier 2026 3 Mars 2026 &hellip; <\/p>\n","protected":false},"author":1,"featured_media":0,"parent":0,"menu_order":0,"comment_status":"closed","ping_status":"closed","template":"","meta":{"footnotes":""},"class_list":["post-13","page","type-page","status-publish","hentry"],"_links":{"self":[{"href":"https:\/\/www.ecuriehesbaye.be\/blog\/index.php?rest_route=\/wp\/v2\/pages\/13","targetHints":{"allow":["GET"]}}],"collection":[{"href":"https:\/\/www.ecuriehesbaye.be\/blog\/index.php?rest_route=\/wp\/v2\/pages"}],"about":[{"href":"https:\/\/www.ecuriehesbaye.be\/blog\/index.php?rest_route=\/wp\/v2\/types\/page"}],"author":[{"embeddable":true,"href":"https:\/\/www.ecuriehesbaye.be\/blog\/index.php?rest_route=\/wp\/v2\/users\/1"}],"replies":[{"embeddable":true,"href":"https:\/\/www.ecuriehesbaye.be\/blog\/index.php?rest_route=%2Fwp%2Fv2%2Fcomments&post=13"}],"version-history":[{"count":33,"href":"https:\/\/www.ecuriehesbaye.be\/blog\/index.php?rest_route=\/wp\/v2\/pages\/13\/revisions"}],"predecessor-version":[{"id":1253,"href":"https:\/\/www.ecuriehesbaye.be\/blog\/index.php?rest_route=\/wp\/v2\/pages\/13\/revisions\/1253"}],"wp:attachment":[{"href":"https:\/\/www.ecuriehesbaye.be\/blog\/index.php?rest_route=%2Fwp%2Fv2%2Fmedia&parent=13"}],"curies":[{"name":"wp","href":"https:\/\/api.w.org\/{rel}","templated":true}]}}